{"id":81,"date":"2023-06-08T09:07:14","date_gmt":"2023-06-08T07:07:14","guid":{"rendered":"https:\/\/sikelia.pl\/?page_id=81"},"modified":"2023-06-08T09:07:14","modified_gmt":"2023-06-08T07:07:14","slug":"kontakt","status":"publish","type":"page","link":"https:\/\/sikelia.pl\/index.php\/kontakt\/","title":{"rendered":"Kontakt"},"content":{"rendered":"<div class=\"wpforms-container wpforms-container-full wpforms-block wpforms-block-52f37778-bc13-487c-bb64-d02244bbf5d9 wpforms-render-modern\" id=\"wpforms-78\"><form id=\"wpforms-form-78\" class=\"wpforms-validate wpforms-form wpforms-ajax-form\" data-formid=\"78\" method=\"post\" enctype=\"multipart\/form-data\" action=\"\/index.php\/wp-json\/wp\/v2\/pages\/81\" data-token=\"6127d2d6a82de65d66afc7c96b2e3cb1\" data-token-time=\"1776773002\"><noscript class=\"wpforms-error-noscript\">Aby wype\u0142ni\u0107 ten formularz, w\u0142\u0105cz obs\u0142ug\u0119 JavaScript w przegl\u0105darce.<\/noscript><div id=\"wpforms-error-noscript\" style=\"display: none;\">Aby wype\u0142ni\u0107 ten formularz, w\u0142\u0105cz obs\u0142ug\u0119 JavaScript w przegl\u0105darce.<\/div><div class=\"wpforms-field-container\"><div id=\"wpforms-78-field_0-container\" class=\"wpforms-field wpforms-field-name\" data-field-id=\"0\"><fieldset><legend class=\"wpforms-field-label\">Imi\u0119 i nazwisko <span class=\"wpforms-required-label\" aria-hidden=\"true\">*<\/span><\/legend><div class=\"wpforms-field-row wpforms-field-medium\"><div class=\"wpforms-field-row-block wpforms-first wpforms-one-half\"><input type=\"text\" id=\"wpforms-78-field_0\" class=\"wpforms-field-name-first wpforms-field-required\" name=\"wpforms[fields][0][first]\" aria-errormessage=\"wpforms-78-field_0-error\" required><label for=\"wpforms-78-field_0\" class=\"wpforms-field-sublabel after\">Pierwszy<\/label><\/div><div class=\"wpforms-field-row-block wpforms-one-half\"><input type=\"text\" id=\"wpforms-78-field_0-last\" class=\"wpforms-field-name-last wpforms-field-required\" name=\"wpforms[fields][0][last]\" aria-errormessage=\"wpforms-78-field_0-last-error\" required><label for=\"wpforms-78-field_0-last\" class=\"wpforms-field-sublabel after\">Ostatni<\/label><\/div><\/div><\/fieldset><\/div><div id=\"wpforms-78-field_1-container\" class=\"wpforms-field wpforms-field-email\" data-field-id=\"1\"><label class=\"wpforms-field-label\" for=\"wpforms-78-field_1\">E-mail <span class=\"wpforms-required-label\" aria-hidden=\"true\">*<\/span><\/label><input type=\"email\" id=\"wpforms-78-field_1\" class=\"wpforms-field-medium wpforms-field-required\" name=\"wpforms[fields][1]\" spellcheck=\"false\" aria-errormessage=\"wpforms-78-field_1-error\" required><\/div><div id=\"wpforms-78-field_2-container\" class=\"wpforms-field wpforms-field-textarea\" data-field-id=\"2\"><label class=\"wpforms-field-label\" for=\"wpforms-78-field_2\">Komentarz lub wiadomo\u015b\u0107<\/label><textarea id=\"wpforms-78-field_2\" class=\"wpforms-field-medium\" name=\"wpforms[fields][2]\" aria-errormessage=\"wpforms-78-field_2-error\" ><\/textarea><\/div><\/div><!-- .wpforms-field-container --><div class=\"wpforms-submit-container\" ><input type=\"hidden\" name=\"wpforms[id]\" value=\"78\"><input type=\"hidden\" name=\"page_title\" value=\"\"><input type=\"hidden\" name=\"page_url\" value=\"https:\/\/sikelia.pl\/index.php\/wp-json\/wp\/v2\/pages\/81\"><input type=\"hidden\" name=\"url_referer\" value=\"\"><button type=\"submit\" name=\"wpforms[submit]\" id=\"wpforms-submit-78\" class=\"wpforms-submit\" data-alt-text=\"Wysy\u0142anie...\" data-submit-text=\"Prze\u015blij\" aria-live=\"assertive\" value=\"wpforms-submit\">Prze\u015blij<\/button><img loading=\"lazy\" decoding=\"async\" src=\"https:\/\/sikelia.pl\/wp-content\/plugins\/wpforms-lite\/assets\/images\/submit-spin.svg\" class=\"wpforms-submit-spinner\" style=\"display: none;\" width=\"26\" height=\"26\" alt=\"Wczytywanie\"><\/div><\/form><\/div>  <!-- .wpforms-container -->","protected":false},"excerpt":{"rendered":"","protected":false},"author":1,"featured_media":0,"parent":0,"menu_order":0,"comment_status":"closed","ping_status":"closed","template":"","meta":{"footnotes":""},"class_list":["post-81","page","type-page","status-publish","hentry"],"yoast_head":"<!-- This site is optimized with the Yoast SEO plugin v27.3 - https:\/\/yoast.com\/product\/yoast-seo-wordpress\/ -->\n<title>Kontakt - Sikelia<\/title>\n<meta name=\"robots\" content=\"index, follow, max-snippet:-1, max-image-preview:large, max-video-preview:-1\" \/>\n<link rel=\"canonical\" href=\"https:\/\/sikelia.pl\/index.php\/kontakt\/\" \/>\n<meta property=\"og:locale\" content=\"pl_PL\" \/>\n<meta property=\"og:type\" content=\"article\" \/>\n<meta property=\"og:title\" content=\"Kontakt - Sikelia\" \/>\n<meta property=\"og:url\" content=\"https:\/\/sikelia.pl\/index.php\/kontakt\/\" \/>\n<meta property=\"og:site_name\" content=\"Sikelia\" \/>\n<meta property=\"article:publisher\" content=\"https:\/\/www.facebook.com\/profile.php?id=100094542185022\" \/>\n<meta name=\"twitter:card\" content=\"summary_large_image\" \/>\n<script type=\"application\/ld+json\" class=\"yoast-schema-graph\">{\"@context\":\"https:\\\/\\\/schema.org\",\"@graph\":[{\"@type\":\"WebPage\",\"@id\":\"https:\\\/\\\/sikelia.pl\\\/index.php\\\/kontakt\\\/\",\"url\":\"https:\\\/\\\/sikelia.pl\\\/index.php\\\/kontakt\\\/\",\"name\":\"Kontakt - Sikelia\",\"isPartOf\":{\"@id\":\"https:\\\/\\\/sikelia.pl\\\/#website\"},\"datePublished\":\"2023-06-08T07:07:14+00:00\",\"breadcrumb\":{\"@id\":\"https:\\\/\\\/sikelia.pl\\\/index.php\\\/kontakt\\\/#breadcrumb\"},\"inLanguage\":\"pl-PL\",\"potentialAction\":[{\"@type\":\"ReadAction\",\"target\":[\"https:\\\/\\\/sikelia.pl\\\/index.php\\\/kontakt\\\/\"]}]},{\"@type\":\"BreadcrumbList\",\"@id\":\"https:\\\/\\\/sikelia.pl\\\/index.php\\\/kontakt\\\/#breadcrumb\",\"itemListElement\":[{\"@type\":\"ListItem\",\"position\":1,\"name\":\"Strona g\u0142\u00f3wna\",\"item\":\"https:\\\/\\\/sikelia.pl\\\/\"},{\"@type\":\"ListItem\",\"position\":2,\"name\":\"Kontakt\"}]},{\"@type\":\"WebSite\",\"@id\":\"https:\\\/\\\/sikelia.pl\\\/#website\",\"url\":\"https:\\\/\\\/sikelia.pl\\\/\",\"name\":\"Sikelia\",\"description\":\"Moja Sycylia\",\"publisher\":{\"@id\":\"https:\\\/\\\/sikelia.pl\\\/#\\\/schema\\\/person\\\/b445981020aaee0f43145726ac2f9dc8\"},\"potentialAction\":[{\"@type\":\"SearchAction\",\"target\":{\"@type\":\"EntryPoint\",\"urlTemplate\":\"https:\\\/\\\/sikelia.pl\\\/?s={search_term_string}\"},\"query-input\":{\"@type\":\"PropertyValueSpecification\",\"valueRequired\":true,\"valueName\":\"search_term_string\"}}],\"inLanguage\":\"pl-PL\"},{\"@type\":[\"Person\",\"Organization\"],\"@id\":\"https:\\\/\\\/sikelia.pl\\\/#\\\/schema\\\/person\\\/b445981020aaee0f43145726ac2f9dc8\",\"name\":\"Sikelia\",\"image\":{\"@type\":\"ImageObject\",\"inLanguage\":\"pl-PL\",\"@id\":\"https:\\\/\\\/sikelia.pl\\\/wp-content\\\/uploads\\\/2023\\\/06\\\/Sicily_Heather_740-1-e1685702140652.jpeg\",\"url\":\"https:\\\/\\\/sikelia.pl\\\/wp-content\\\/uploads\\\/2023\\\/06\\\/Sicily_Heather_740-1-e1685702140652.jpeg\",\"contentUrl\":\"https:\\\/\\\/sikelia.pl\\\/wp-content\\\/uploads\\\/2023\\\/06\\\/Sicily_Heather_740-1-e1685702140652.jpeg\",\"width\":740,\"height\":548,\"caption\":\"Sikelia\"},\"logo\":{\"@id\":\"https:\\\/\\\/sikelia.pl\\\/wp-content\\\/uploads\\\/2023\\\/06\\\/Sicily_Heather_740-1-e1685702140652.jpeg\"},\"sameAs\":[\"http:\\\/\\\/sikelia.pl\",\"https:\\\/\\\/www.facebook.com\\\/profile.php?id=100094542185022\",\"https:\\\/\\\/www.instagram.com\\\/sikelia.pl\\\/\"]}]}<\/script>\n<!-- \/ Yoast SEO plugin. -->","yoast_head_json":{"title":"Kontakt - Sikelia","robots":{"index":"index","follow":"follow","max-snippet":"max-snippet:-1","max-image-preview":"max-image-preview:large","max-video-preview":"max-video-preview:-1"},"canonical":"https:\/\/sikelia.pl\/index.php\/kontakt\/","og_locale":"pl_PL","og_type":"article","og_title":"Kontakt - Sikelia","og_url":"https:\/\/sikelia.pl\/index.php\/kontakt\/","og_site_name":"Sikelia","article_publisher":"https:\/\/www.facebook.com\/profile.php?id=100094542185022","twitter_card":"summary_large_image","schema":{"@context":"https:\/\/schema.org","@graph":[{"@type":"WebPage","@id":"https:\/\/sikelia.pl\/index.php\/kontakt\/","url":"https:\/\/sikelia.pl\/index.php\/kontakt\/","name":"Kontakt - Sikelia","isPartOf":{"@id":"https:\/\/sikelia.pl\/#website"},"datePublished":"2023-06-08T07:07:14+00:00","breadcrumb":{"@id":"https:\/\/sikelia.pl\/index.php\/kontakt\/#breadcrumb"},"inLanguage":"pl-PL","potentialAction":[{"@type":"ReadAction","target":["https:\/\/sikelia.pl\/index.php\/kontakt\/"]}]},{"@type":"BreadcrumbList","@id":"https:\/\/sikelia.pl\/index.php\/kontakt\/#breadcrumb","itemListElement":[{"@type":"ListItem","position":1,"name":"Strona g\u0142\u00f3wna","item":"https:\/\/sikelia.pl\/"},{"@type":"ListItem","position":2,"name":"Kontakt"}]},{"@type":"WebSite","@id":"https:\/\/sikelia.pl\/#website","url":"https:\/\/sikelia.pl\/","name":"Sikelia","description":"Moja Sycylia","publisher":{"@id":"https:\/\/sikelia.pl\/#\/schema\/person\/b445981020aaee0f43145726ac2f9dc8"},"potentialAction":[{"@type":"SearchAction","target":{"@type":"EntryPoint","urlTemplate":"https:\/\/sikelia.pl\/?s={search_term_string}"},"query-input":{"@type":"PropertyValueSpecification","valueRequired":true,"valueName":"search_term_string"}}],"inLanguage":"pl-PL"},{"@type":["Person","Organization"],"@id":"https:\/\/sikelia.pl\/#\/schema\/person\/b445981020aaee0f43145726ac2f9dc8","name":"Sikelia","image":{"@type":"ImageObject","inLanguage":"pl-PL","@id":"https:\/\/sikelia.pl\/wp-content\/uploads\/2023\/06\/Sicily_Heather_740-1-e1685702140652.jpeg","url":"https:\/\/sikelia.pl\/wp-content\/uploads\/2023\/06\/Sicily_Heather_740-1-e1685702140652.jpeg","contentUrl":"https:\/\/sikelia.pl\/wp-content\/uploads\/2023\/06\/Sicily_Heather_740-1-e1685702140652.jpeg","width":740,"height":548,"caption":"Sikelia"},"logo":{"@id":"https:\/\/sikelia.pl\/wp-content\/uploads\/2023\/06\/Sicily_Heather_740-1-e1685702140652.jpeg"},"sameAs":["http:\/\/sikelia.pl","https:\/\/www.facebook.com\/profile.php?id=100094542185022","https:\/\/www.instagram.com\/sikelia.pl\/"]}]}},"_links":{"self":[{"href":"https:\/\/sikelia.pl\/index.php\/wp-json\/wp\/v2\/pages\/81","targetHints":{"allow":["GET"]}}],"collection":[{"href":"https:\/\/sikelia.pl\/index.php\/wp-json\/wp\/v2\/pages"}],"about":[{"href":"https:\/\/sikelia.pl\/index.php\/wp-json\/wp\/v2\/types\/page"}],"author":[{"embeddable":true,"href":"https:\/\/sikelia.pl\/index.php\/wp-json\/wp\/v2\/users\/1"}],"replies":[{"embeddable":true,"href":"https:\/\/sikelia.pl\/index.php\/wp-json\/wp\/v2\/comments?post=81"}],"version-history":[{"count":1,"href":"https:\/\/sikelia.pl\/index.php\/wp-json\/wp\/v2\/pages\/81\/revisions"}],"predecessor-version":[{"id":82,"href":"https:\/\/sikelia.pl\/index.php\/wp-json\/wp\/v2\/pages\/81\/revisions\/82"}],"wp:attachment":[{"href":"https:\/\/sikelia.pl\/index.php\/wp-json\/wp\/v2\/media?parent=81"}],"curies":[{"name":"wp","href":"https:\/\/api.w.org\/{rel}","templated":true}]}}