{"id":135,"date":"2023-06-20T11:16:42","date_gmt":"2023-06-20T09:16:42","guid":{"rendered":"https:\/\/sikelia.pl\/?page_id=135"},"modified":"2023-07-03T18:36:40","modified_gmt":"2023-07-03T16:36:40","slug":"o-mnie","status":"publish","type":"page","link":"https:\/\/sikelia.pl\/index.php\/o-mnie\/","title":{"rendered":"O mnie"},"content":{"rendered":"\n<p>Salve! Mam na imi\u0119 Ewa i mieszkam na Sycylii, a ten <a href=\"https:\/\/sikelia.pl\/index.php\/2023\/06\/01\/witaj-swiecie\/\" title=\"Sikelia\">blog<\/a> to przestrze\u0144 dzielenia si\u0119 moimi prze\u017cyciami na w\u0142oskiej wyspie, kt\u00f3ra fascynuje mnie od lat. Lubi\u0119 opisywa\u0107 swoje przemy\u015blenia i pokazywa\u0107 to, co nieoczywiste: magiczne miejsca i niezwyk\u0142ych ludzi. By\u0107 mo\u017ce niekt\u00f3re historie zainspiruj\u0105 tak\u017ce Ciebie, pozwol\u0105 si\u0119 zatrzyma\u0107 i wywo\u0142aj\u0105 chwil\u0119 refleksji. <\/p>\n\n\n\n<p>e-mail: ewa.sikelia@gmail.com<\/p>\n\n\n\n<figure class=\"wp-block-image size-large is-resized\"><img loading=\"lazy\" decoding=\"async\" src=\"https:\/\/sikelia.pl\/wp-content\/uploads\/2023\/07\/80CDDD49-D38A-4E5D-8E74-4117FF3D95C7-edited-scaled.jpg\" alt=\"\" class=\"wp-image-182\" width=\"771\" height=\"482\" srcset=\"https:\/\/sikelia.pl\/wp-content\/uploads\/2023\/07\/80CDDD49-D38A-4E5D-8E74-4117FF3D95C7-edited-scaled.jpg 2560w, https:\/\/sikelia.pl\/wp-content\/uploads\/2023\/07\/80CDDD49-D38A-4E5D-8E74-4117FF3D95C7-edited-300x188.jpg 300w, https:\/\/sikelia.pl\/wp-content\/uploads\/2023\/07\/80CDDD49-D38A-4E5D-8E74-4117FF3D95C7-edited-1024x640.jpg 1024w, https:\/\/sikelia.pl\/wp-content\/uploads\/2023\/07\/80CDDD49-D38A-4E5D-8E74-4117FF3D95C7-edited-768x480.jpg 768w, https:\/\/sikelia.pl\/wp-content\/uploads\/2023\/07\/80CDDD49-D38A-4E5D-8E74-4117FF3D95C7-edited-1536x960.jpg 1536w, https:\/\/sikelia.pl\/wp-content\/uploads\/2023\/07\/80CDDD49-D38A-4E5D-8E74-4117FF3D95C7-edited-2048x1280.jpg 2048w, https:\/\/sikelia.pl\/wp-content\/uploads\/2023\/07\/80CDDD49-D38A-4E5D-8E74-4117FF3D95C7-edited-850x531.jpg 850w\" sizes=\"auto, (max-width: 771px) 100vw, 771px\" \/><figcaption class=\"wp-element-caption\">Taormina, czerwiec 2020<\/figcaption><\/figure>\n","protected":false},"excerpt":{"rendered":"<p>Salve! Mam na imi\u0119 Ewa i mieszkam na Sycylii, a ten blog to przestrze\u0144 dzielenia si\u0119 moimi prze\u017cyciami na w\u0142oskiej wyspie, kt\u00f3ra fascynuje&hellip;<\/p>\n","protected":false},"author":1,"featured_media":0,"parent":0,"menu_order":0,"comment_status":"closed","ping_status":"closed","template":"","meta":{"footnotes":""},"class_list":["post-135","page","type-page","status-publish","hentry"],"yoast_head":"<!-- This site is optimized with the Yoast SEO plugin v27.3 - https:\/\/yoast.com\/product\/yoast-seo-wordpress\/ -->\n<title>O mnie - Sikelia<\/title>\n<meta name=\"robots\" content=\"index, follow, max-snippet:-1, max-image-preview:large, max-video-preview:-1\" \/>\n<link rel=\"canonical\" href=\"https:\/\/sikelia.pl\/index.php\/o-mnie\/\" \/>\n<meta property=\"og:locale\" content=\"pl_PL\" \/>\n<meta property=\"og:type\" content=\"article\" \/>\n<meta property=\"og:title\" content=\"O mnie - Sikelia\" \/>\n<meta property=\"og:description\" content=\"Salve! Mam na imi\u0119 Ewa i mieszkam na Sycylii, a ten blog to przestrze\u0144 dzielenia si\u0119 moimi prze\u017cyciami na w\u0142oskiej wyspie, kt\u00f3ra fascynuje&hellip;\" \/>\n<meta property=\"og:url\" content=\"https:\/\/sikelia.pl\/index.php\/o-mnie\/\" \/>\n<meta property=\"og:site_name\" content=\"Sikelia\" \/>\n<meta property=\"article:publisher\" content=\"https:\/\/www.facebook.com\/profile.php?id=100094542185022\" \/>\n<meta property=\"article:modified_time\" content=\"2023-07-03T16:36:40+00:00\" \/>\n<meta property=\"og:image\" content=\"https:\/\/sikelia.pl\/wp-content\/uploads\/2023\/07\/80CDDD49-D38A-4E5D-8E74-4117FF3D95C7-edited-scaled.jpg\" \/>\n\t<meta property=\"og:image:width\" content=\"2560\" \/>\n\t<meta property=\"og:image:height\" content=\"1600\" \/>\n\t<meta property=\"og:image:type\" content=\"image\/jpeg\" \/>\n<meta name=\"twitter:card\" content=\"summary_large_image\" \/>\n<script type=\"application\/ld+json\" class=\"yoast-schema-graph\">{\"@context\":\"https:\\\/\\\/schema.org\",\"@graph\":[{\"@type\":\"WebPage\",\"@id\":\"https:\\\/\\\/sikelia.pl\\\/index.php\\\/o-mnie\\\/\",\"url\":\"https:\\\/\\\/sikelia.pl\\\/index.php\\\/o-mnie\\\/\",\"name\":\"O mnie - Sikelia\",\"isPartOf\":{\"@id\":\"https:\\\/\\\/sikelia.pl\\\/#website\"},\"primaryImageOfPage\":{\"@id\":\"https:\\\/\\\/sikelia.pl\\\/index.php\\\/o-mnie\\\/#primaryimage\"},\"image\":{\"@id\":\"https:\\\/\\\/sikelia.pl\\\/index.php\\\/o-mnie\\\/#primaryimage\"},\"thumbnailUrl\":\"https:\\\/\\\/sikelia.pl\\\/wp-content\\\/uploads\\\/2023\\\/07\\\/80CDDD49-D38A-4E5D-8E74-4117FF3D95C7-edited-scaled.jpg\",\"datePublished\":\"2023-06-20T09:16:42+00:00\",\"dateModified\":\"2023-07-03T16:36:40+00:00\",\"breadcrumb\":{\"@id\":\"https:\\\/\\\/sikelia.pl\\\/index.php\\\/o-mnie\\\/#breadcrumb\"},\"inLanguage\":\"pl-PL\",\"potentialAction\":[{\"@type\":\"ReadAction\",\"target\":[\"https:\\\/\\\/sikelia.pl\\\/index.php\\\/o-mnie\\\/\"]}]},{\"@type\":\"ImageObject\",\"inLanguage\":\"pl-PL\",\"@id\":\"https:\\\/\\\/sikelia.pl\\\/index.php\\\/o-mnie\\\/#primaryimage\",\"url\":\"https:\\\/\\\/sikelia.pl\\\/wp-content\\\/uploads\\\/2023\\\/07\\\/80CDDD49-D38A-4E5D-8E74-4117FF3D95C7-edited-scaled.jpg\",\"contentUrl\":\"https:\\\/\\\/sikelia.pl\\\/wp-content\\\/uploads\\\/2023\\\/07\\\/80CDDD49-D38A-4E5D-8E74-4117FF3D95C7-edited-scaled.jpg\",\"width\":2560,\"height\":1600},{\"@type\":\"BreadcrumbList\",\"@id\":\"https:\\\/\\\/sikelia.pl\\\/index.php\\\/o-mnie\\\/#breadcrumb\",\"itemListElement\":[{\"@type\":\"ListItem\",\"position\":1,\"name\":\"Strona g\u0142\u00f3wna\",\"item\":\"https:\\\/\\\/sikelia.pl\\\/\"},{\"@type\":\"ListItem\",\"position\":2,\"name\":\"O mnie\"}]},{\"@type\":\"WebSite\",\"@id\":\"https:\\\/\\\/sikelia.pl\\\/#website\",\"url\":\"https:\\\/\\\/sikelia.pl\\\/\",\"name\":\"Sikelia\",\"description\":\"Moja Sycylia\",\"publisher\":{\"@id\":\"https:\\\/\\\/sikelia.pl\\\/#\\\/schema\\\/person\\\/b445981020aaee0f43145726ac2f9dc8\"},\"potentialAction\":[{\"@type\":\"SearchAction\",\"target\":{\"@type\":\"EntryPoint\",\"urlTemplate\":\"https:\\\/\\\/sikelia.pl\\\/?s={search_term_string}\"},\"query-input\":{\"@type\":\"PropertyValueSpecification\",\"valueRequired\":true,\"valueName\":\"search_term_string\"}}],\"inLanguage\":\"pl-PL\"},{\"@type\":[\"Person\",\"Organization\"],\"@id\":\"https:\\\/\\\/sikelia.pl\\\/#\\\/schema\\\/person\\\/b445981020aaee0f43145726ac2f9dc8\",\"name\":\"Sikelia\",\"image\":{\"@type\":\"ImageObject\",\"inLanguage\":\"pl-PL\",\"@id\":\"https:\\\/\\\/sikelia.pl\\\/wp-content\\\/uploads\\\/2023\\\/06\\\/Sicily_Heather_740-1-e1685702140652.jpeg\",\"url\":\"https:\\\/\\\/sikelia.pl\\\/wp-content\\\/uploads\\\/2023\\\/06\\\/Sicily_Heather_740-1-e1685702140652.jpeg\",\"contentUrl\":\"https:\\\/\\\/sikelia.pl\\\/wp-content\\\/uploads\\\/2023\\\/06\\\/Sicily_Heather_740-1-e1685702140652.jpeg\",\"width\":740,\"height\":548,\"caption\":\"Sikelia\"},\"logo\":{\"@id\":\"https:\\\/\\\/sikelia.pl\\\/wp-content\\\/uploads\\\/2023\\\/06\\\/Sicily_Heather_740-1-e1685702140652.jpeg\"},\"sameAs\":[\"http:\\\/\\\/sikelia.pl\",\"https:\\\/\\\/www.facebook.com\\\/profile.php?id=100094542185022\",\"https:\\\/\\\/www.instagram.com\\\/sikelia.pl\\\/\"]}]}<\/script>\n<!-- \/ Yoast SEO plugin. -->","yoast_head_json":{"title":"O mnie - Sikelia","robots":{"index":"index","follow":"follow","max-snippet":"max-snippet:-1","max-image-preview":"max-image-preview:large","max-video-preview":"max-video-preview:-1"},"canonical":"https:\/\/sikelia.pl\/index.php\/o-mnie\/","og_locale":"pl_PL","og_type":"article","og_title":"O mnie - Sikelia","og_description":"Salve! Mam na imi\u0119 Ewa i mieszkam na Sycylii, a ten blog to przestrze\u0144 dzielenia si\u0119 moimi prze\u017cyciami na w\u0142oskiej wyspie, kt\u00f3ra fascynuje&hellip;","og_url":"https:\/\/sikelia.pl\/index.php\/o-mnie\/","og_site_name":"Sikelia","article_publisher":"https:\/\/www.facebook.com\/profile.php?id=100094542185022","article_modified_time":"2023-07-03T16:36:40+00:00","og_image":[{"width":2560,"height":1600,"url":"https:\/\/sikelia.pl\/wp-content\/uploads\/2023\/07\/80CDDD49-D38A-4E5D-8E74-4117FF3D95C7-edited-scaled.jpg","type":"image\/jpeg"}],"twitter_card":"summary_large_image","schema":{"@context":"https:\/\/schema.org","@graph":[{"@type":"WebPage","@id":"https:\/\/sikelia.pl\/index.php\/o-mnie\/","url":"https:\/\/sikelia.pl\/index.php\/o-mnie\/","name":"O mnie - Sikelia","isPartOf":{"@id":"https:\/\/sikelia.pl\/#website"},"primaryImageOfPage":{"@id":"https:\/\/sikelia.pl\/index.php\/o-mnie\/#primaryimage"},"image":{"@id":"https:\/\/sikelia.pl\/index.php\/o-mnie\/#primaryimage"},"thumbnailUrl":"https:\/\/sikelia.pl\/wp-content\/uploads\/2023\/07\/80CDDD49-D38A-4E5D-8E74-4117FF3D95C7-edited-scaled.jpg","datePublished":"2023-06-20T09:16:42+00:00","dateModified":"2023-07-03T16:36:40+00:00","breadcrumb":{"@id":"https:\/\/sikelia.pl\/index.php\/o-mnie\/#breadcrumb"},"inLanguage":"pl-PL","potentialAction":[{"@type":"ReadAction","target":["https:\/\/sikelia.pl\/index.php\/o-mnie\/"]}]},{"@type":"ImageObject","inLanguage":"pl-PL","@id":"https:\/\/sikelia.pl\/index.php\/o-mnie\/#primaryimage","url":"https:\/\/sikelia.pl\/wp-content\/uploads\/2023\/07\/80CDDD49-D38A-4E5D-8E74-4117FF3D95C7-edited-scaled.jpg","contentUrl":"https:\/\/sikelia.pl\/wp-content\/uploads\/2023\/07\/80CDDD49-D38A-4E5D-8E74-4117FF3D95C7-edited-scaled.jpg","width":2560,"height":1600},{"@type":"BreadcrumbList","@id":"https:\/\/sikelia.pl\/index.php\/o-mnie\/#breadcrumb","itemListElement":[{"@type":"ListItem","position":1,"name":"Strona g\u0142\u00f3wna","item":"https:\/\/sikelia.pl\/"},{"@type":"ListItem","position":2,"name":"O mnie"}]},{"@type":"WebSite","@id":"https:\/\/sikelia.pl\/#website","url":"https:\/\/sikelia.pl\/","name":"Sikelia","description":"Moja Sycylia","publisher":{"@id":"https:\/\/sikelia.pl\/#\/schema\/person\/b445981020aaee0f43145726ac2f9dc8"},"potentialAction":[{"@type":"SearchAction","target":{"@type":"EntryPoint","urlTemplate":"https:\/\/sikelia.pl\/?s={search_term_string}"},"query-input":{"@type":"PropertyValueSpecification","valueRequired":true,"valueName":"search_term_string"}}],"inLanguage":"pl-PL"},{"@type":["Person","Organization"],"@id":"https:\/\/sikelia.pl\/#\/schema\/person\/b445981020aaee0f43145726ac2f9dc8","name":"Sikelia","image":{"@type":"ImageObject","inLanguage":"pl-PL","@id":"https:\/\/sikelia.pl\/wp-content\/uploads\/2023\/06\/Sicily_Heather_740-1-e1685702140652.jpeg","url":"https:\/\/sikelia.pl\/wp-content\/uploads\/2023\/06\/Sicily_Heather_740-1-e1685702140652.jpeg","contentUrl":"https:\/\/sikelia.pl\/wp-content\/uploads\/2023\/06\/Sicily_Heather_740-1-e1685702140652.jpeg","width":740,"height":548,"caption":"Sikelia"},"logo":{"@id":"https:\/\/sikelia.pl\/wp-content\/uploads\/2023\/06\/Sicily_Heather_740-1-e1685702140652.jpeg"},"sameAs":["http:\/\/sikelia.pl","https:\/\/www.facebook.com\/profile.php?id=100094542185022","https:\/\/www.instagram.com\/sikelia.pl\/"]}]}},"_links":{"self":[{"href":"https:\/\/sikelia.pl\/index.php\/wp-json\/wp\/v2\/pages\/135","targetHints":{"allow":["GET"]}}],"collection":[{"href":"https:\/\/sikelia.pl\/index.php\/wp-json\/wp\/v2\/pages"}],"about":[{"href":"https:\/\/sikelia.pl\/index.php\/wp-json\/wp\/v2\/types\/page"}],"author":[{"embeddable":true,"href":"https:\/\/sikelia.pl\/index.php\/wp-json\/wp\/v2\/users\/1"}],"replies":[{"embeddable":true,"href":"https:\/\/sikelia.pl\/index.php\/wp-json\/wp\/v2\/comments?post=135"}],"version-history":[{"count":5,"href":"https:\/\/sikelia.pl\/index.php\/wp-json\/wp\/v2\/pages\/135\/revisions"}],"predecessor-version":[{"id":186,"href":"https:\/\/sikelia.pl\/index.php\/wp-json\/wp\/v2\/pages\/135\/revisions\/186"}],"wp:attachment":[{"href":"https:\/\/sikelia.pl\/index.php\/wp-json\/wp\/v2\/media?parent=135"}],"curies":[{"name":"wp","href":"https:\/\/api.w.org\/{rel}","templated":true}]}}